{"id":135,"date":"2025-02-08T12:08:43","date_gmt":"2025-02-08T11:08:43","guid":{"rendered":"https:\/\/strona-slubna-boho.mystiweb.com.pl\/?post_type=product&#038;p=135"},"modified":"2025-04-11T13:23:06","modified_gmt":"2025-04-11T11:23:06","slug":"kieliszki-do-wina-ze-szkla-krysztalowego","status":"publish","type":"product","link":"https:\/\/strona-slubna-boho.mystiweb.com.pl\/en\/product\/kieliszki-do-wina-ze-szkla-krysztalowego\/","title":{"rendered":"Crystal glass wine glasses"},"content":{"rendered":"<p>An elegant set of glasses ideal for evening gatherings with our loved ones.<\/p>\n<p>Link: https:\/\/www.westwing.pl\/kryszta-owy-kieliszek-do-czerwonego-wina-power-6-szt-115302.html?simple=DEQ19STO52430-144708&amp;utm_source=google&amp;utm_medium=sea_conversion_nbr&amp;utm_campaign=pl_performancemax_nbr_adf&amp;utm_content=&amp;gad_source=1&amp;gclid=CjwKCAiA74G9BhAEEiwA8kNfpXsfWF7guKdhNGXePMhEqJeg9XrVHftBiP392zs_6WqEWWPY2boKLBoCNy8QAvD_BwE<\/p>\n<p>Price: 55 $<\/p>\n<p>The product photo is for reference<\/p>","protected":false},"excerpt":{"rendered":"<p>Elegancki zestaw kieliszk\u00f3w idealny do wieczornych spotka\u0144 z naszymi najbli\u017cszymi. Link: https:\/\/www.westwing.pl\/kryszta-owy-kieliszek-do-czerwonego-wina-power-6-szt-115302.html?simple=DEQ19STO52430-144708&amp;utm_source=google&amp;utm_medium=sea_conversion_nbr&amp;utm_campaign=pl_performancemax_nbr_adf&amp;utm_content=&amp;gad_source=1&amp;gclid=CjwKCAiA74G9BhAEEiwA8kNfpXsfWF7guKdhNGXePMhEqJeg9XrVHftBiP392zs_6WqEWWPY2boKLBoCNy8QAvD_BwE Cena: 209 z\u0142 Zdj\u0119cie produktu jest pogl\u0105dowe<\/p>","protected":false},"featured_media":136,"template":"","meta":{"_uag_custom_page_level_css":""},"product_brand":[],"product_cat":[15],"product_tag":[],"class_list":{"0":"post-135","1":"product","2":"type-product","3":"status-publish","4":"has-post-thumbnail","6":"product_cat-bez-kategorii","8":"first","9":"instock","10":"virtual","11":"purchasable","12":"product-type-simple"},"uagb_featured_image_src":{"full":["https:\/\/strona-slubna-boho.mystiweb.com.pl\/wp-content\/uploads\/sites\/6\/2025\/02\/pexels-valeriya-1123260.jpg",1280,853,false],"thumbnail":["https:\/\/strona-slubna-boho.mystiweb.com.pl\/wp-content\/uploads\/sites\/6\/2025\/02\/pexels-valeriya-1123260-150x150.jpg",150,150,true],"medium":["https:\/\/strona-slubna-boho.mystiweb.com.pl\/wp-content\/uploads\/sites\/6\/2025\/02\/pexels-valeriya-1123260-300x200.jpg",300,200,true],"medium_large":["https:\/\/strona-slubna-boho.mystiweb.com.pl\/wp-content\/uploads\/sites\/6\/2025\/02\/pexels-valeriya-1123260-768x512.jpg",768,512,true],"large":["https:\/\/strona-slubna-boho.mystiweb.com.pl\/wp-content\/uploads\/sites\/6\/2025\/02\/pexels-valeriya-1123260-1024x682.jpg",1024,682,true],"1536x1536":["https:\/\/strona-slubna-boho.mystiweb.com.pl\/wp-content\/uploads\/sites\/6\/2025\/02\/pexels-valeriya-1123260.jpg",1280,853,false],"2048x2048":["https:\/\/strona-slubna-boho.mystiweb.com.pl\/wp-content\/uploads\/sites\/6\/2025\/02\/pexels-valeriya-1123260.jpg",1280,853,false],"trp-custom-language-flag":["https:\/\/strona-slubna-boho.mystiweb.com.pl\/wp-content\/uploads\/sites\/6\/2025\/02\/pexels-valeriya-1123260.jpg",18,12,false],"woocommerce_thumbnail":["https:\/\/strona-slubna-boho.mystiweb.com.pl\/wp-content\/uploads\/sites\/6\/2025\/02\/pexels-valeriya-1123260-300x300.jpg",300,300,true],"woocommerce_single":["https:\/\/strona-slubna-boho.mystiweb.com.pl\/wp-content\/uploads\/sites\/6\/2025\/02\/pexels-valeriya-1123260-600x400.jpg",600,400,true],"woocommerce_gallery_thumbnail":["https:\/\/strona-slubna-boho.mystiweb.com.pl\/wp-content\/uploads\/sites\/6\/2025\/02\/pexels-valeriya-1123260-100x100.jpg",100,100,true]},"uagb_author_info":{"display_name":"mystiweb","author_link":"https:\/\/strona-slubna-boho.mystiweb.com.pl\/en\/author\/"},"uagb_comment_info":0,"uagb_excerpt":"Elegancki zestaw kieliszk\u00f3w idealny do wieczornych spotka\u0144 z naszymi najbli\u017cszymi. Link: https:\/\/www.westwing.pl\/kryszta-owy-kieliszek-do-czerwonego-wina-power-6-szt-115302.html?simple=DEQ19STO52430-144708&amp;utm_source=google&amp;utm_medium=sea_conversion_nbr&amp;utm_campaign=pl_performancemax_nbr_adf&amp;utm_content=&amp;gad_source=1&amp;gclid=CjwKCAiA74G9BhAEEiwA8kNfpXsfWF7guKdhNGXePMhEqJeg9XrVHftBiP392zs_6WqEWWPY2boKLBoCNy8QAvD_BwE Cena: 209 z\u0142 Zdj\u0119cie produktu jest pogl\u0105dowe","_links":{"self":[{"href":"https:\/\/strona-slubna-boho.mystiweb.com.pl\/en\/wp-json\/wp\/v2\/product\/135","targetHints":{"allow":["GET"]}}],"collection":[{"href":"https:\/\/strona-slubna-boho.mystiweb.com.pl\/en\/wp-json\/wp\/v2\/product"}],"about":[{"href":"https:\/\/strona-slubna-boho.mystiweb.com.pl\/en\/wp-json\/wp\/v2\/types\/product"}],"wp:featuredmedia":[{"embeddable":true,"href":"https:\/\/strona-slubna-boho.mystiweb.com.pl\/en\/wp-json\/wp\/v2\/media\/136"}],"wp:attachment":[{"href":"https:\/\/strona-slubna-boho.mystiweb.com.pl\/en\/wp-json\/wp\/v2\/media?parent=135"}],"wp:term":[{"taxonomy":"product_brand","embeddable":true,"href":"https:\/\/strona-slubna-boho.mystiweb.com.pl\/en\/wp-json\/wp\/v2\/product_brand?post=135"},{"taxonomy":"product_cat","embeddable":true,"href":"https:\/\/strona-slubna-boho.mystiweb.com.pl\/en\/wp-json\/wp\/v2\/product_cat?post=135"},{"taxonomy":"product_tag","embeddable":true,"href":"https:\/\/strona-slubna-boho.mystiweb.com.pl\/en\/wp-json\/wp\/v2\/product_tag?post=135"}],"curies":[{"name":"wp","href":"https:\/\/api.w.org\/{rel}","templated":true}]}}