{"id":141,"date":"2025-02-08T12:15:36","date_gmt":"2025-02-08T11:15:36","guid":{"rendered":"https:\/\/strona-slubna-boho.mystiweb.com.pl\/?post_type=product&#038;p=141"},"modified":"2025-04-11T13:22:44","modified_gmt":"2025-04-11T11:22:44","slug":"voucher-na-masaz-dla-dwojga","status":"publish","type":"product","link":"https:\/\/strona-slubna-boho.mystiweb.com.pl\/en\/product\/voucher-na-masaz-dla-dwojga\/","title":{"rendered":"Voucher for a massage for two"},"content":{"rendered":"<p>Massage for two will provide us with a great way to relax after the wedding.<\/p>\n<p>Link: https:\/\/butikdworski.pl\/strona-glowna\/295-22-voucher_na_masaz_relaksacyjny#\/37-voucher-elektroniczny_twoja_wlasna_dedykacja_wysylka_tylko_na_e_mail<\/p>\n<p>Price: 140 $<\/p>\n<p>The picture of the product is illustrative<\/p>","protected":false},"excerpt":{"rendered":"<p>Masa\u017c dla dwojga zapewni nam doskona\u0142y spos\u00f3b na relaks po weselu. Link: https:\/\/butikdworski.pl\/strona-glowna\/295-22-voucher_na_masaz_relaksacyjny#\/37-voucher-elektroniczny_twoja_wlasna_dedykacja_wysylka_tylko_na_e_mail Cena: 530 z\u0142 Zd\u0119cie produktu jest pogl\u0105dowe<\/p>","protected":false},"featured_media":142,"template":"","meta":{"_uag_custom_page_level_css":""},"product_brand":[],"product_cat":[15],"product_tag":[],"class_list":{"0":"post-141","1":"product","2":"type-product","3":"status-publish","4":"has-post-thumbnail","6":"product_cat-bez-kategorii","8":"first","9":"instock","10":"virtual","11":"purchasable","12":"product-type-simple"},"uagb_featured_image_src":{"full":["https:\/\/strona-slubna-boho.mystiweb.com.pl\/wp-content\/uploads\/sites\/6\/2025\/02\/pexels-olly-3757942-1.jpg",640,427,false],"thumbnail":["https:\/\/strona-slubna-boho.mystiweb.com.pl\/wp-content\/uploads\/sites\/6\/2025\/02\/pexels-olly-3757942-1-150x150.jpg",150,150,true],"medium":["https:\/\/strona-slubna-boho.mystiweb.com.pl\/wp-content\/uploads\/sites\/6\/2025\/02\/pexels-olly-3757942-1-300x200.jpg",300,200,true],"medium_large":["https:\/\/strona-slubna-boho.mystiweb.com.pl\/wp-content\/uploads\/sites\/6\/2025\/02\/pexels-olly-3757942-1.jpg",640,427,false],"large":["https:\/\/strona-slubna-boho.mystiweb.com.pl\/wp-content\/uploads\/sites\/6\/2025\/02\/pexels-olly-3757942-1.jpg",640,427,false],"1536x1536":["https:\/\/strona-slubna-boho.mystiweb.com.pl\/wp-content\/uploads\/sites\/6\/2025\/02\/pexels-olly-3757942-1.jpg",640,427,false],"2048x2048":["https:\/\/strona-slubna-boho.mystiweb.com.pl\/wp-content\/uploads\/sites\/6\/2025\/02\/pexels-olly-3757942-1.jpg",640,427,false],"trp-custom-language-flag":["https:\/\/strona-slubna-boho.mystiweb.com.pl\/wp-content\/uploads\/sites\/6\/2025\/02\/pexels-olly-3757942-1.jpg",18,12,false],"woocommerce_thumbnail":["https:\/\/strona-slubna-boho.mystiweb.com.pl\/wp-content\/uploads\/sites\/6\/2025\/02\/pexels-olly-3757942-1-300x300.jpg",300,300,true],"woocommerce_single":["https:\/\/strona-slubna-boho.mystiweb.com.pl\/wp-content\/uploads\/sites\/6\/2025\/02\/pexels-olly-3757942-1-600x400.jpg",600,400,true],"woocommerce_gallery_thumbnail":["https:\/\/strona-slubna-boho.mystiweb.com.pl\/wp-content\/uploads\/sites\/6\/2025\/02\/pexels-olly-3757942-1-100x100.jpg",100,100,true]},"uagb_author_info":{"display_name":"mystiweb","author_link":"https:\/\/strona-slubna-boho.mystiweb.com.pl\/en\/author\/"},"uagb_comment_info":0,"uagb_excerpt":"Masa\u017c dla dwojga zapewni nam doskona\u0142y spos\u00f3b na relaks po weselu. Link: https:\/\/butikdworski.pl\/strona-glowna\/295-22-voucher_na_masaz_relaksacyjny#\/37-voucher-elektroniczny_twoja_wlasna_dedykacja_wysylka_tylko_na_e_mail Cena: 530 z\u0142 Zd\u0119cie produktu jest pogl\u0105dowe","_links":{"self":[{"href":"https:\/\/strona-slubna-boho.mystiweb.com.pl\/en\/wp-json\/wp\/v2\/product\/141","targetHints":{"allow":["GET"]}}],"collection":[{"href":"https:\/\/strona-slubna-boho.mystiweb.com.pl\/en\/wp-json\/wp\/v2\/product"}],"about":[{"href":"https:\/\/strona-slubna-boho.mystiweb.com.pl\/en\/wp-json\/wp\/v2\/types\/product"}],"wp:featuredmedia":[{"embeddable":true,"href":"https:\/\/strona-slubna-boho.mystiweb.com.pl\/en\/wp-json\/wp\/v2\/media\/142"}],"wp:attachment":[{"href":"https:\/\/strona-slubna-boho.mystiweb.com.pl\/en\/wp-json\/wp\/v2\/media?parent=141"}],"wp:term":[{"taxonomy":"product_brand","embeddable":true,"href":"https:\/\/strona-slubna-boho.mystiweb.com.pl\/en\/wp-json\/wp\/v2\/product_brand?post=141"},{"taxonomy":"product_cat","embeddable":true,"href":"https:\/\/strona-slubna-boho.mystiweb.com.pl\/en\/wp-json\/wp\/v2\/product_cat?post=141"},{"taxonomy":"product_tag","embeddable":true,"href":"https:\/\/strona-slubna-boho.mystiweb.com.pl\/en\/wp-json\/wp\/v2\/product_tag?post=141"}],"curies":[{"name":"wp","href":"https:\/\/api.w.org\/{rel}","templated":true}]}}