{"id":143,"date":"2025-02-08T12:19:04","date_gmt":"2025-02-08T11:19:04","guid":{"rendered":"https:\/\/strona-slubna-boho.mystiweb.com.pl\/?post_type=product&#038;p=143"},"modified":"2025-04-11T13:22:37","modified_gmt":"2025-04-11T11:22:37","slug":"posciel-satynowa-san-antonio","status":"publish","type":"product","link":"https:\/\/strona-slubna-boho.mystiweb.com.pl\/en\/product\/posciel-satynowa-san-antonio\/","title":{"rendered":"SAN ANTONIO satin bedding"},"content":{"rendered":"<p>Satin cotton bedding will provide us with a comfortable night's sleep and a beautiful appearance of the bedroom.<\/p>\n<p>Link: https:\/\/marohome.pl\/produkt\/posciel\/posciel-satynowa-san-antonio-latte-z-biala-lamowka\/?attribute_pa_rozmiar=140-x-200&amp;gad_source=1<\/p>\n<p>Price: 80 $<\/p>\n<p>The picture of the product is illustrative<\/p>","protected":false},"excerpt":{"rendered":"<p>Po\u015bciel z bawe\u0142ny satynowej zapewni nam komfortowy sen i pi\u0119kny wygl\u0105d sypialni. Link: https:\/\/marohome.pl\/produkt\/posciel\/posciel-satynowa-san-antonio-latte-z-biala-lamowka\/?attribute_pa_rozmiar=140-x-200&amp;gad_source=1 Cena: 299 z\u0142 Zd\u0119cie produktu jest pogl\u0105dowe<\/p>","protected":false},"featured_media":144,"template":"","meta":{"_uag_custom_page_level_css":""},"product_brand":[],"product_cat":[15],"product_tag":[],"class_list":{"0":"post-143","1":"product","2":"type-product","3":"status-publish","4":"has-post-thumbnail","6":"product_cat-bez-kategorii","8":"first","9":"instock","10":"virtual","11":"purchasable","12":"product-type-simple"},"uagb_featured_image_src":{"full":["https:\/\/strona-slubna-boho.mystiweb.com.pl\/wp-content\/uploads\/sites\/6\/2025\/02\/pexels-leticia-alvares-1805702-28084313.jpg",1280,853,false],"thumbnail":["https:\/\/strona-slubna-boho.mystiweb.com.pl\/wp-content\/uploads\/sites\/6\/2025\/02\/pexels-leticia-alvares-1805702-28084313-150x150.jpg",150,150,true],"medium":["https:\/\/strona-slubna-boho.mystiweb.com.pl\/wp-content\/uploads\/sites\/6\/2025\/02\/pexels-leticia-alvares-1805702-28084313-300x200.jpg",300,200,true],"medium_large":["https:\/\/strona-slubna-boho.mystiweb.com.pl\/wp-content\/uploads\/sites\/6\/2025\/02\/pexels-leticia-alvares-1805702-28084313-768x512.jpg",768,512,true],"large":["https:\/\/strona-slubna-boho.mystiweb.com.pl\/wp-content\/uploads\/sites\/6\/2025\/02\/pexels-leticia-alvares-1805702-28084313-1024x682.jpg",1024,682,true],"1536x1536":["https:\/\/strona-slubna-boho.mystiweb.com.pl\/wp-content\/uploads\/sites\/6\/2025\/02\/pexels-leticia-alvares-1805702-28084313.jpg",1280,853,false],"2048x2048":["https:\/\/strona-slubna-boho.mystiweb.com.pl\/wp-content\/uploads\/sites\/6\/2025\/02\/pexels-leticia-alvares-1805702-28084313.jpg",1280,853,false],"trp-custom-language-flag":["https:\/\/strona-slubna-boho.mystiweb.com.pl\/wp-content\/uploads\/sites\/6\/2025\/02\/pexels-leticia-alvares-1805702-28084313.jpg",18,12,false],"woocommerce_thumbnail":["https:\/\/strona-slubna-boho.mystiweb.com.pl\/wp-content\/uploads\/sites\/6\/2025\/02\/pexels-leticia-alvares-1805702-28084313-300x300.jpg",300,300,true],"woocommerce_single":["https:\/\/strona-slubna-boho.mystiweb.com.pl\/wp-content\/uploads\/sites\/6\/2025\/02\/pexels-leticia-alvares-1805702-28084313-600x400.jpg",600,400,true],"woocommerce_gallery_thumbnail":["https:\/\/strona-slubna-boho.mystiweb.com.pl\/wp-content\/uploads\/sites\/6\/2025\/02\/pexels-leticia-alvares-1805702-28084313-100x100.jpg",100,100,true]},"uagb_author_info":{"display_name":"mystiweb","author_link":"https:\/\/strona-slubna-boho.mystiweb.com.pl\/en\/author\/"},"uagb_comment_info":0,"uagb_excerpt":"Po\u015bciel z bawe\u0142ny satynowej zapewni nam komfortowy sen i pi\u0119kny wygl\u0105d sypialni. Link: https:\/\/marohome.pl\/produkt\/posciel\/posciel-satynowa-san-antonio-latte-z-biala-lamowka\/?attribute_pa_rozmiar=140-x-200&amp;gad_source=1 Cena: 299 z\u0142 Zd\u0119cie produktu jest pogl\u0105dowe","_links":{"self":[{"href":"https:\/\/strona-slubna-boho.mystiweb.com.pl\/en\/wp-json\/wp\/v2\/product\/143","targetHints":{"allow":["GET"]}}],"collection":[{"href":"https:\/\/strona-slubna-boho.mystiweb.com.pl\/en\/wp-json\/wp\/v2\/product"}],"about":[{"href":"https:\/\/strona-slubna-boho.mystiweb.com.pl\/en\/wp-json\/wp\/v2\/types\/product"}],"wp:featuredmedia":[{"embeddable":true,"href":"https:\/\/strona-slubna-boho.mystiweb.com.pl\/en\/wp-json\/wp\/v2\/media\/144"}],"wp:attachment":[{"href":"https:\/\/strona-slubna-boho.mystiweb.com.pl\/en\/wp-json\/wp\/v2\/media?parent=143"}],"wp:term":[{"taxonomy":"product_brand","embeddable":true,"href":"https:\/\/strona-slubna-boho.mystiweb.com.pl\/en\/wp-json\/wp\/v2\/product_brand?post=143"},{"taxonomy":"product_cat","embeddable":true,"href":"https:\/\/strona-slubna-boho.mystiweb.com.pl\/en\/wp-json\/wp\/v2\/product_cat?post=143"},{"taxonomy":"product_tag","embeddable":true,"href":"https:\/\/strona-slubna-boho.mystiweb.com.pl\/en\/wp-json\/wp\/v2\/product_tag?post=143"}],"curies":[{"name":"wp","href":"https:\/\/api.w.org\/{rel}","templated":true}]}}