{"id":145,"date":"2025-02-08T12:21:14","date_gmt":"2025-02-08T11:21:14","guid":{"rendered":"https:\/\/strona-slubna-boho.mystiweb.com.pl\/?post_type=product&#038;p=145"},"modified":"2025-04-11T13:22:26","modified_gmt":"2025-04-11T11:22:26","slug":"ekspres-cecotec-power-espresso","status":"publish","type":"product","link":"https:\/\/strona-slubna-boho.mystiweb.com.pl\/en\/product\/ekspres-cecotec-power-espresso\/","title":{"rendered":"CECOTEC Power Espresso"},"content":{"rendered":"<p>The choice for real coffee lovers! This automatic machine will allow us to enjoy perfect espresso and cappuccino every day.<\/p>\n<p>Link do produktu: https:\/\/www.mediaexpert.pl\/agd-male\/ekspresy-i-kawa\/ekspresy-cisnieniowe\/ekspres-cecotec-power-espresso-20-tradizionale-light-zielony?gad_source=1&amp;gclid=CjwKCAiA74G9BhAEEiwA8kNfpUz05bSiaU1F7N9vNIniAkjfcy2ulenM-EYWMguFMBdhJXeUWG9oXxoC3LwQAvD_BwE<\/p>\n<div class=\"wp-block-group woocommerce product is-layout-flow wp-block-group-is-layout-flow\"><main id=\"wp--skip-link--target\" class=\"wp-block-group has-global-padding is-layout-constrained wp-block-group-is-layout-constrained\"><\/p>\n<div class=\"wp-block-woocommerce-product-details alignwide is-style-minimal\" data-block-name=\"woocommerce\/product-details\">\n<div>\n<div class=\"woocommerce-tabs wc-tabs-wrapper\">\n<div id=\"tab-description\" class=\"woocommerce-Tabs-panel woocommerce-Tabs-panel--description panel entry-content wc-tab\" role=\"tabpanel\" aria-labelledby=\"tab-title-description\">\n<p>Cena:\u00a0<strong id=\"projector_price_value\" class=\"projector_price_value\"><span class=\"projector_price\">590.00<span class=\"projector_currency\">z\u0142<\/span><\/span><\/strong><\/p>\n<\/div>\n<\/div>\n<\/div>\n<\/div>\n<p><\/main><\/div>\n<footer class=\"wp-block-template-part\">\n<div class=\"wp-block-group has-global-padding is-layout-constrained wp-block-group-is-layout-constrained\">\n<div class=\"wp-block-group alignwide is-layout-flow wp-block-group-is-layout-flow\">\n<div class=\"wp-block-group alignfull is-content-justification-space-between is-layout-flex wp-container-core-group-is-layout-3 wp-block-group-is-layout-flex\">\n<p class=\"has-small-font-size\">The picture of the product is illustrative<\/p>\n<\/div>\n<\/div>\n<\/div>\n<\/footer>","protected":false},"excerpt":{"rendered":"<p>Wyb\u00f3r dla prawdziwych kawoszy! Ten automatyczny ekspres pozwoli nam cieszy\u0107 si\u0119 idealnym espresso i cappuccino ka\u017cdego dnia. Link do produktu: https:\/\/www.mediaexpert.pl\/agd-male\/ekspresy-i-kawa\/ekspresy-cisnieniowe\/ekspres-cecotec-power-espresso-20-tradizionale-light-zielony?gad_source=1&amp;gclid=CjwKCAiA74G9BhAEEiwA8kNfpUz05bSiaU1F7N9vNIniAkjfcy2ulenM-EYWMguFMBdhJXeUWG9oXxoC3LwQAvD_BwE Cena:\u00a0590.00z\u0142 Zd\u0119cie produktu jest pogl\u0105dowe<\/p>","protected":false},"featured_media":146,"template":"","meta":{"_uag_custom_page_level_css":""},"product_brand":[],"product_cat":[15],"product_tag":[],"class_list":{"0":"post-145","1":"product","2":"type-product","3":"status-publish","4":"has-post-thumbnail","6":"product_cat-bez-kategorii","8":"first","9":"instock","10":"virtual","11":"purchasable","12":"product-type-simple"},"uagb_featured_image_src":{"full":["https:\/\/strona-slubna-boho.mystiweb.com.pl\/wp-content\/uploads\/sites\/6\/2025\/02\/96775.jpg",1000,1500,false],"thumbnail":["https:\/\/strona-slubna-boho.mystiweb.com.pl\/wp-content\/uploads\/sites\/6\/2025\/02\/96775-150x150.jpg",150,150,true],"medium":["https:\/\/strona-slubna-boho.mystiweb.com.pl\/wp-content\/uploads\/sites\/6\/2025\/02\/96775-200x300.jpg",200,300,true],"medium_large":["https:\/\/strona-slubna-boho.mystiweb.com.pl\/wp-content\/uploads\/sites\/6\/2025\/02\/96775-768x1152.jpg",768,1152,true],"large":["https:\/\/strona-slubna-boho.mystiweb.com.pl\/wp-content\/uploads\/sites\/6\/2025\/02\/96775-683x1024.jpg",683,1024,true],"1536x1536":["https:\/\/strona-slubna-boho.mystiweb.com.pl\/wp-content\/uploads\/sites\/6\/2025\/02\/96775.jpg",1000,1500,false],"2048x2048":["https:\/\/strona-slubna-boho.mystiweb.com.pl\/wp-content\/uploads\/sites\/6\/2025\/02\/96775.jpg",1000,1500,false],"trp-custom-language-flag":["https:\/\/strona-slubna-boho.mystiweb.com.pl\/wp-content\/uploads\/sites\/6\/2025\/02\/96775.jpg",8,12,false],"woocommerce_thumbnail":["https:\/\/strona-slubna-boho.mystiweb.com.pl\/wp-content\/uploads\/sites\/6\/2025\/02\/96775-300x300.jpg",300,300,true],"woocommerce_single":["https:\/\/strona-slubna-boho.mystiweb.com.pl\/wp-content\/uploads\/sites\/6\/2025\/02\/96775-600x900.jpg",600,900,true],"woocommerce_gallery_thumbnail":["https:\/\/strona-slubna-boho.mystiweb.com.pl\/wp-content\/uploads\/sites\/6\/2025\/02\/96775-100x100.jpg",100,100,true]},"uagb_author_info":{"display_name":"mystiweb","author_link":"https:\/\/strona-slubna-boho.mystiweb.com.pl\/en\/author\/"},"uagb_comment_info":0,"uagb_excerpt":"Wyb\u00f3r dla prawdziwych kawoszy! Ten automatyczny ekspres pozwoli nam cieszy\u0107 si\u0119 idealnym espresso i cappuccino ka\u017cdego dnia. Link do produktu: https:\/\/www.mediaexpert.pl\/agd-male\/ekspresy-i-kawa\/ekspresy-cisnieniowe\/ekspres-cecotec-power-espresso-20-tradizionale-light-zielony?gad_source=1&amp;gclid=CjwKCAiA74G9BhAEEiwA8kNfpUz05bSiaU1F7N9vNIniAkjfcy2ulenM-EYWMguFMBdhJXeUWG9oXxoC3LwQAvD_BwE Cena:\u00a0590.00z\u0142 Zd\u0119cie produktu jest pogl\u0105dowe","_links":{"self":[{"href":"https:\/\/strona-slubna-boho.mystiweb.com.pl\/en\/wp-json\/wp\/v2\/product\/145","targetHints":{"allow":["GET"]}}],"collection":[{"href":"https:\/\/strona-slubna-boho.mystiweb.com.pl\/en\/wp-json\/wp\/v2\/product"}],"about":[{"href":"https:\/\/strona-slubna-boho.mystiweb.com.pl\/en\/wp-json\/wp\/v2\/types\/product"}],"wp:featuredmedia":[{"embeddable":true,"href":"https:\/\/strona-slubna-boho.mystiweb.com.pl\/en\/wp-json\/wp\/v2\/media\/146"}],"wp:attachment":[{"href":"https:\/\/strona-slubna-boho.mystiweb.com.pl\/en\/wp-json\/wp\/v2\/media?parent=145"}],"wp:term":[{"taxonomy":"product_brand","embeddable":true,"href":"https:\/\/strona-slubna-boho.mystiweb.com.pl\/en\/wp-json\/wp\/v2\/product_brand?post=145"},{"taxonomy":"product_cat","embeddable":true,"href":"https:\/\/strona-slubna-boho.mystiweb.com.pl\/en\/wp-json\/wp\/v2\/product_cat?post=145"},{"taxonomy":"product_tag","embeddable":true,"href":"https:\/\/strona-slubna-boho.mystiweb.com.pl\/en\/wp-json\/wp\/v2\/product_tag?post=145"}],"curies":[{"name":"wp","href":"https:\/\/api.w.org\/{rel}","templated":true}]}}